{"id":692,"date":"2021-10-30T10:09:46","date_gmt":"2021-10-30T10:09:46","guid":{"rendered":"https:\/\/kits.themecy.com\/memberships-3\/?page_id=105"},"modified":"2024-01-29T10:46:50","modified_gmt":"2024-01-29T09:46:50","slug":"uber-uns","status":"publish","type":"page","link":"https:\/\/dev.manzell-city.de\/wp\/uber-uns\/","title":{"rendered":"\u00dcber Uns"},"content":{"rendered":"<style>.kb-row-layout-id692_9b386c-36 > .kt-row-column-wrap{align-content:start;}:where(.kb-row-layout-id692_9b386c-36 > .kt-row-column-wrap) > .wp-block-kadence-column{justify-content:start;}.kb-row-layout-id692_9b386c-36 > .kt-row-column-wrap{column-gap:var(--global-kb-gap-md, 2rem);row-gap:var(--global-kb-gap-none, 0rem );max-width:var( --global-content-width, 1290px );padding-left:var(--global-content-edge-padding);padding-right:var(--global-content-edge-padding);padding-top:var(--global-kb-spacing-sm, 1.5rem);padding-right:var(--global-kb-spacing-xs, 1rem);padding-bottom:var(--global-kb-spacing-sm, 1.5rem);padding-left:var(--global-kb-spacing-xs, 1rem);grid-template-columns:minmax(0, 1fr);}.kb-row-layout-id692_9b386c-36 > .kt-row-layout-overlay{opacity:0.30;}@media all and (max-width: 1024px){.kb-row-layout-id692_9b386c-36 > .kt-row-column-wrap{grid-template-columns:minmax(0, 1fr);}}@media all and (max-width: 767px){.kb-row-layout-id692_9b386c-36 > .kt-row-column-wrap{grid-template-columns:minmax(0, 1fr);}}<\/style><div class=\"kb-row-layout-wrap kb-row-layout-id692_9b386c-36 alignnone wp-block-kadence-rowlayout\"><div class=\"kt-row-column-wrap kt-has-1-columns kt-row-layout-equal kt-tab-layout-inherit kt-mobile-layout-row kt-row-valign-top kb-theme-content-width\">\n<style>.kadence-column692_acce15-f5 > .kt-inside-inner-col{padding-right:0px;padding-left:var(--global-kb-spacing-xl, 4rem);}.kadence-column692_acce15-f5 > .kt-inside-inner-col,.kadence-column692_acce15-f5 > .kt-inside-inner-col:before{border-top-left-radius:0px;border-top-right-radius:0px;border-bottom-right-radius:0px;border-bottom-left-radius:0px;}.kadence-column692_acce15-f5 > .kt-inside-inner-col{column-gap:var(--global-kb-gap-sm, 1rem);}.kadence-column692_acce15-f5 > .kt-inside-inner-col{flex-direction:column;}.kadence-column692_acce15-f5 > .kt-inside-inner-col > .aligncenter{width:100%;}.kadence-column692_acce15-f5 > .kt-inside-inner-col:before{opacity:0.3;}.kadence-column692_acce15-f5{position:relative;}@media all and (max-width: 1024px){.kadence-column692_acce15-f5 > .kt-inside-inner-col{flex-direction:column;justify-content:center;}}@media all and (max-width: 767px){.kadence-column692_acce15-f5 > .kt-inside-inner-col{flex-direction:column;justify-content:center;}}<\/style>\n<div class=\"wp-block-kadence-column kadence-column692_acce15-f5\"><div class=\"kt-inside-inner-col\">\n<p>Gegr\u00fcndet im April 2006 ist der Zweck des Vereins die ideelle und materielle F\u00f6rderung und Unterst\u00fctzung des Dornier Museums und der Stiftung f\u00fcr Luft- und Raumfahrt mit Sitz in Friedrichshafen. <\/p>\n\n\n\n<p>Der Verein setzt sich insbesondere daf\u00fcr ein, dass dem Museum zur Erf\u00fcllung seines wissenschaftlichen Bildungsauftrages zus\u00e4tzliche Mittel, Exponate und Materialien zur Verf\u00fcgung stehen. <\/p>\n\n\n\n<p>Die Erfahrung und Fachkompetenz unserer Mitglieder waren das wissenschaftlich-technische R\u00fcckgrat beim Aufbau und der Entwicklung des Dornier Museums. Heute arbeiten wir Hand in Hand mit dem <a href=\"https:\/\/www.dorniermuseum.de\/\" title=\"\">Dornier Museum<\/a> an seiner Weiterentwicklung und unterst\u00fctzen den laufenden Betrieb. Informationen zu diesen Projekten finden Sie <a href=\"https:\/\/dev.manzell-city.de\/wp\/wp-admin\/post.php?post=691&amp;action=edit\" title=\"\">hier<\/a>.<br>Wir veranstalten regelm\u00e4\u00dfig f\u00fcr unsere Mitglieder und andere Interessierten kostenlose <a href=\"https:\/\/dev.manzell-city.de\/wp\/wp-admin\/post.php?post=694&amp;action=edit\" title=\"\">Vortr\u00e4ge<\/a> zu aktuellen Themen rund um die Luft- und Raumfahrt.<\/p>\n\n\n\n<p>Wir unterst\u00fctzen den Bildungsauftrag des Dornier Museums in Workshops und anderen Veranstaltungen, indem wir neben der fachlichen Kompetenz insbesondere die Erfahrungen aus den vielf\u00e4ltigen beruflichen Laufbahnen unserer Mitglieder einbringen, z.B. durch spezielle Museumsf\u00fchrungen mit Zeitzeugen aus dem Kreis unserer Mitglieder. Unsere Mitglieder verstehen sich als Botschafter des Dornier Museums f\u00fcr Luft- und Raumfahrt. Wir sind als gemeinn\u00fctzig anerkannt und setzen uns in diesem Sinne f\u00fcr das Museum ein.<\/p>\n\n\n\n<p>Wir freuen uns jederzeit \u00fcber neue Mitglieder, die Interesse an der Luft- und Raumfahrt haben und die Arbeit des Vereins aktiv oder auch passiv unterst\u00fctzen wollen. Regelm\u00e4\u00dfig berichten wir  in unserer Mitgliederzeitung \u00fcber die Arbeit des Vereins. <br>Einmal im Jahr treffen wir uns zu einem gem\u00fctlichen Beisammensein im Museum. <br>Als Mitglied haben Sie freien Eintritt ins Museum und bis zu 3 Begleitpersonen erhalten erm\u00e4\u00dfigten Eintritt. <br>Den Antrag k\u00f6nnen Sie <a href=\"https:\/\/dev.manzell-city.de\/wp\/mitgliedsantrag\/\" title=\"\">online<\/a> ausf\u00fcllen oder das Dokument ausdrucken und ausgef\u00fcllt per Mail, Post oder Fax uns zukommen lassen.<\/p>\n\n\n\n<ul class=\"wp-block-list\">\n<li style=\"text-decoration:underline\"><a href=\"http:\/\/dev.manzell-city.de\/wp\/wp-content\/uploads\/2024\/01\/Mitgliedsantrag_2024_V4\" target=\"_blank\" rel=\"noopener\" title=\"\">Mitgliedsantrag 2024 ( PDF zum Ausdrucken)<\/a><\/li>\n\n\n\n<li style=\"text-decoration:underline\"><a href=\"https:\/\/dev.manzell-city.de\/wp\/form-view\/3?preview=true\" target=\"_blank\" rel=\"noopener\" title=\"\">Mitgliedsantrag On-Line <\/a><\/li>\n\n\n\n<li><a href=\"http:\/\/dev.manzell-city.de\/wp\/wp-content\/uploads\/2023\/12\/vereinssatzung.pdf\" target=\"_blank\" rel=\"noopener\" title=\"\">Vereinssatzung<\/a><\/li>\n<\/ul>\n\n\n\n<p><strong>Ihr Weg zu uns :<\/strong><\/p>\n<\/div><\/div>\n\n<\/div><\/div>\n\n<style>.kb-row-layout-id692_bdd525-d9 > .kt-row-column-wrap{align-content:start;}:where(.kb-row-layout-id692_bdd525-d9 > .kt-row-column-wrap) > .wp-block-kadence-column{justify-content:start;}.kb-row-layout-id692_bdd525-d9 > .kt-row-column-wrap{column-gap:var(--global-kb-gap-md, 2rem);row-gap:var(--global-kb-gap-md, 2rem);max-width:var( --global-content-width, 1290px );padding-left:var(--global-content-edge-padding);padding-right:var(--global-content-edge-padding);padding-top:var(--global-kb-spacing-sm, 1.5rem);padding-right:var(--global-kb-spacing-xl, 4rem);padding-bottom:var(--global-kb-spacing-sm, 1.5rem);padding-left:var(--global-kb-spacing-xl, 4rem);grid-template-columns:minmax(0, 1fr);}.kb-row-layout-id692_bdd525-d9 > .kt-row-layout-overlay{opacity:0.30;}@media all and (max-width: 1024px){.kb-row-layout-id692_bdd525-d9 > .kt-row-column-wrap{grid-template-columns:minmax(0, 1fr);}}@media all and (max-width: 767px){.kb-row-layout-id692_bdd525-d9 > .kt-row-column-wrap{grid-template-columns:minmax(0, 1fr);}}<\/style><div class=\"kb-row-layout-wrap kb-row-layout-id692_bdd525-d9 alignnone wp-block-kadence-rowlayout\"><div class=\"kt-row-column-wrap kt-has-1-columns kt-row-layout-equal kt-tab-layout-inherit kt-mobile-layout-row kt-row-valign-top kb-theme-content-width\">\n<style>.kadence-column692_96a5bd-7c > .kt-inside-inner-col,.kadence-column692_96a5bd-7c > .kt-inside-inner-col:before{border-top-left-radius:0px;border-top-right-radius:0px;border-bottom-right-radius:0px;border-bottom-left-radius:0px;}.kadence-column692_96a5bd-7c > .kt-inside-inner-col{column-gap:var(--global-kb-gap-sm, 1rem);}.kadence-column692_96a5bd-7c > .kt-inside-inner-col{flex-direction:column;}.kadence-column692_96a5bd-7c > .kt-inside-inner-col > .aligncenter{width:100%;}.kadence-column692_96a5bd-7c > .kt-inside-inner-col:before{opacity:0.3;}.kadence-column692_96a5bd-7c{position:relative;}@media all and (max-width: 1024px){.kadence-column692_96a5bd-7c > .kt-inside-inner-col{flex-direction:column;justify-content:center;}}@media all and (max-width: 767px){.kadence-column692_96a5bd-7c > .kt-inside-inner-col{flex-direction:column;justify-content:center;}}<\/style>\n<div class=\"wp-block-kadence-column kadence-column692_96a5bd-7c\"><div class=\"kt-inside-inner-col\"><style>.kb-google-maps-container692_859be6-7f{height:450px;padding-right:var(--global-kb-spacing-xl, 4rem);padding-left:var(--global-kb-spacing-lg, 3rem);}<\/style><div class=\"kb-google-maps-container kb-google-maps-container692_859be6-7f  wp-block-kadence-googlemaps\" data-mapid=\"692_859be67f\"><iframe width=\"100%\" height=\"100%\"\n\t\t\t\t\t\t\tstyle=\"border:0\" loading=\"lazy\"\n\t\t\t\t\t\t\tsrc=\"https:\/\/www.google.com\/maps\/embed\/v1\/place?key=AIzaSyBAM2o7PiQqwk15LC1XRH2e_KJ-jUa7KYk&#038;zoom=9&#038;maptype=roadmap&#038;q=Dornier+Museum\"\n\t\t\t\t\t\t\ttitle=\"Google map of Dornier Museum\"><\/iframe><\/div><script>function kb_google_map692_859be67f() { let center = { lat: 37.8201, lng: -122.4781}; let map = new google.maps.Map(document.getElementById(\"kb-google-map692_859be67f\"), {\n\t\t\t\t\t    zoom: 9,\n\t\t\t\t\t    center: center,});let marker = new google.maps.Marker({   position: { lat: 37.8201, lng: -122.4781},    map: map,  });}<\/script><\/div><\/div>\n\n<\/div><\/div>","protected":false},"excerpt":{"rendered":"<p>Gegr\u00fcndet im April 2006 ist der Zweck des Vereins die ideelle und materielle F\u00f6rderung und Unterst\u00fctzung des Dornier Museums und der Stiftung f\u00fcr Luft- und Raumfahrt mit Sitz in Friedrichshafen. Der Verein setzt sich insbesondere daf\u00fcr ein, dass dem Museum zur Erf\u00fcllung seines wissenschaftlichen Bildungsauftrages zus\u00e4tzliche Mittel, Exponate und Materialien zur Verf\u00fcgung stehen. Die Erfahrung&#8230;<\/p>\n","protected":false},"author":1,"featured_media":687,"parent":0,"menu_order":0,"comment_status":"closed","ping_status":"closed","template":"","meta":{"_kadence_starter_templates_imported_post":true,"_kad_post_transparent":"","_kad_post_title":"hide","_kad_post_layout":"fullwidth","_kad_post_sidebar_id":"","_kad_post_content_style":"unboxed","_kad_post_vertical_padding":"hide","_kad_post_feature":"hide","_kad_post_feature_position":"","_kad_post_header":false,"_kad_post_footer":false,"footnotes":""},"class_list":["post-692","page","type-page","status-publish","has-post-thumbnail","hentry"],"aioseo_notices":[],"_links":{"self":[{"href":"https:\/\/dev.manzell-city.de\/wp\/wp-json\/wp\/v2\/pages\/692","targetHints":{"allow":["GET"]}}],"collection":[{"href":"https:\/\/dev.manzell-city.de\/wp\/wp-json\/wp\/v2\/pages"}],"about":[{"href":"https:\/\/dev.manzell-city.de\/wp\/wp-json\/wp\/v2\/types\/page"}],"author":[{"embeddable":true,"href":"https:\/\/dev.manzell-city.de\/wp\/wp-json\/wp\/v2\/users\/1"}],"replies":[{"embeddable":true,"href":"https:\/\/dev.manzell-city.de\/wp\/wp-json\/wp\/v2\/comments?post=692"}],"version-history":[{"count":10,"href":"https:\/\/dev.manzell-city.de\/wp\/wp-json\/wp\/v2\/pages\/692\/revisions"}],"predecessor-version":[{"id":1399,"href":"https:\/\/dev.manzell-city.de\/wp\/wp-json\/wp\/v2\/pages\/692\/revisions\/1399"}],"wp:featuredmedia":[{"embeddable":true,"href":"https:\/\/dev.manzell-city.de\/wp\/wp-json\/wp\/v2\/media\/687"}],"wp:attachment":[{"href":"https:\/\/dev.manzell-city.de\/wp\/wp-json\/wp\/v2\/media?parent=692"}],"curies":[{"name":"wp","href":"https:\/\/api.w.org\/{rel}","templated":true}]}}